{"id":26,"date":"2023-02-23T09:24:31","date_gmt":"2023-02-23T09:24:31","guid":{"rendered":"https:\/\/ringandgo.es\/?page_id=26"},"modified":"2023-07-20T10:28:50","modified_gmt":"2023-07-20T08:28:50","slug":"logistica-integral","status":"publish","type":"page","link":"https:\/\/ringandgo.es\/es\/logistica-integral\/","title":{"rendered":"Log\u00edstica Integral"},"content":{"rendered":"\t\t<div data-elementor-type=\"wp-page\" data-elementor-id=\"26\" class=\"elementor elementor-26\">\n\t\t\t\t\t\t<section class=\"elementor-section elementor-top-section elementor-element elementor-element-1c29776 elementor-section-boxed elementor-section-height-default elementor-section-height-default\" data-id=\"1c29776\" data-element_type=\"section\" data-e-type=\"section\">\n\t\t\t\t\t\t<div class=\"elementor-container elementor-column-gap-default\">\n\t\t\t\t\t<div class=\"elementor-column elementor-col-50 elementor-top-column elementor-element elementor-element-4f6b462\" data-id=\"4f6b462\" data-element_type=\"column\" data-e-type=\"column\">\n\t\t\t<div class=\"elementor-widget-wrap elementor-element-populated\">\n\t\t\t\t\t\t<div class=\"elementor-element elementor-element-39f2040 elementor-widget elementor-widget-image\" data-id=\"39f2040\" data-element_type=\"widget\" data-e-type=\"widget\" data-widget_type=\"image.default\">\n\t\t\t\t<div class=\"elementor-widget-container\">\n\t\t\t\t\t\t\t\t\t\t\t\t\t\t\t<img fetchpriority=\"high\" decoding=\"async\" width=\"768\" height=\"1024\" src=\"https:\/\/ringandgo.es\/wp-content\/uploads\/2023\/04\/respuestos-urgentes-768x1024.jpg\" class=\"attachment-large size-large wp-image-694\" alt=\"\" srcset=\"https:\/\/ringandgo.es\/wp-content\/uploads\/2023\/04\/respuestos-urgentes-768x1024.jpg 768w, https:\/\/ringandgo.es\/wp-content\/uploads\/2023\/04\/respuestos-urgentes-225x300.jpg 225w, https:\/\/ringandgo.es\/wp-content\/uploads\/2023\/04\/respuestos-urgentes-1152x1536.jpg 1152w, https:\/\/ringandgo.es\/wp-content\/uploads\/2023\/04\/respuestos-urgentes-1536x2048.jpg 1536w, https:\/\/ringandgo.es\/wp-content\/uploads\/2023\/04\/respuestos-urgentes-9x12.jpg 9w, https:\/\/ringandgo.es\/wp-content\/uploads\/2023\/04\/respuestos-urgentes-scaled.jpg 1920w\" sizes=\"(max-width: 768px) 100vw, 768px\" \/>\t\t\t\t\t\t\t\t\t\t\t\t\t\t\t<\/div>\n\t\t\t\t<\/div>\n\t\t\t\t\t<\/div>\n\t\t<\/div>\n\t\t\t\t<div class=\"elementor-column elementor-col-50 elementor-top-column elementor-element elementor-element-b201477\" data-id=\"b201477\" data-element_type=\"column\" data-e-type=\"column\">\n\t\t\t<div class=\"elementor-widget-wrap elementor-element-populated\">\n\t\t\t\t\t\t<div class=\"elementor-element elementor-element-4c7e151 elementor-widget elementor-widget-text-editor\" data-id=\"4c7e151\" data-element_type=\"widget\" data-e-type=\"widget\" data-widget_type=\"text-editor.default\">\n\t\t\t\t<div class=\"elementor-widget-container\">\n\t\t\t\t\t\t\t\t\t<p>Somos <b>expertos en el env\u00edo de repuestos urgentes, especialmente repuestos de barcos<\/b>, en lo que nos avala una larga trayectoria profesional.\u00a0<\/p><p>Nos ocupamos <u><b>desde la recogida hasta la entrega a bordo<\/b><\/u><b>.<\/b><\/p><p>Tenemos un <b>profundo conocimiento de las peculiaridades de este tipo de servicio<\/b> y de las gestiones y tr\u00e1mites en puerto.<\/p>\t\t\t\t\t\t\t\t<\/div>\n\t\t\t\t<\/div>\n\t\t\t\t\t<\/div>\n\t\t<\/div>\n\t\t\t\t\t<\/div>\n\t\t<\/section>\n\t\t\t\t<section class=\"elementor-section elementor-top-section elementor-element elementor-element-28bf005 elementor-section-boxed elementor-section-height-default elementor-section-height-default\" data-id=\"28bf005\" data-element_type=\"section\" data-e-type=\"section\">\n\t\t\t\t\t\t<div class=\"elementor-container elementor-column-gap-default\">\n\t\t\t\t\t<div class=\"elementor-column elementor-col-50 elementor-top-column elementor-element elementor-element-f02de88\" data-id=\"f02de88\" data-element_type=\"column\" data-e-type=\"column\">\n\t\t\t<div class=\"elementor-widget-wrap elementor-element-populated\">\n\t\t\t\t\t\t<div class=\"elementor-element elementor-element-335413d elementor-widget elementor-widget-image\" data-id=\"335413d\" data-element_type=\"widget\" data-e-type=\"widget\" data-widget_type=\"image.default\">\n\t\t\t\t<div class=\"elementor-widget-container\">\n\t\t\t\t\t\t\t\t\t\t\t\t\t\t\t<img decoding=\"async\" width=\"1024\" height=\"768\" src=\"https:\/\/ringandgo.es\/wp-content\/uploads\/2023\/04\/Transporte-maritimo-1-1024x768.jpg\" class=\"attachment-large size-large wp-image-696\" alt=\"\" srcset=\"https:\/\/ringandgo.es\/wp-content\/uploads\/2023\/04\/Transporte-maritimo-1-1024x768.jpg 1024w, https:\/\/ringandgo.es\/wp-content\/uploads\/2023\/04\/Transporte-maritimo-1-300x225.jpg 300w, https:\/\/ringandgo.es\/wp-content\/uploads\/2023\/04\/Transporte-maritimo-1-768x576.jpg 768w, https:\/\/ringandgo.es\/wp-content\/uploads\/2023\/04\/Transporte-maritimo-1-1536x1152.jpg 1536w, https:\/\/ringandgo.es\/wp-content\/uploads\/2023\/04\/Transporte-maritimo-1-2048x1536.jpg 2048w, https:\/\/ringandgo.es\/wp-content\/uploads\/2023\/04\/Transporte-maritimo-1-16x12.jpg 16w\" sizes=\"(max-width: 1024px) 100vw, 1024px\" \/>\t\t\t\t\t\t\t\t\t\t\t\t\t\t\t<\/div>\n\t\t\t\t<\/div>\n\t\t\t\t\t<\/div>\n\t\t<\/div>\n\t\t\t\t<div class=\"elementor-column elementor-col-50 elementor-top-column elementor-element elementor-element-c968da1\" data-id=\"c968da1\" data-element_type=\"column\" data-e-type=\"column\">\n\t\t\t<div class=\"elementor-widget-wrap elementor-element-populated\">\n\t\t\t\t\t\t<div class=\"elementor-element elementor-element-1b7143c elementor-widget elementor-widget-text-editor\" data-id=\"1b7143c\" data-element_type=\"widget\" data-e-type=\"widget\" data-widget_type=\"text-editor.default\">\n\t\t\t\t<div class=\"elementor-widget-container\">\n\t\t\t\t\t\t\t\t\t<p><span style=\"color: #ff6b00;\"><strong>Transporte Mar\u00edtimo<\/strong><\/span> Internacional de mercanc\u00edas. Tiene el beneficio de un menor importe pero el tiempo de tr\u00e1nsito es mayor.<\/p><p><b>Env\u00edos a cualquier parte del mundo.<\/b><\/p><p><u><b>Contenedores Completos (FCL)<\/b><\/u>, el que mejor se adapte a tus necesidades:<\/p><ul><li>Dry Van 20\u2032, 40\u2032 y 40\u2019HC.<\/li><li>Reefer 20\u2019RF, 40\u2019RH Y 40\u2019HRF.<\/li><li>Open Top 20\u2019OT,40\u2019OT.<\/li><li>Flat Racks 20\u2019FR, 40\u2019F.<\/li><\/ul><p><u style=\"font-style: inherit; font-weight: inherit;\"><b>Grupaje Mar\u00edtimo (LCL)<\/b><\/u><span style=\"font-size: 16px;\">, env\u00edo de la mercanc\u00eda sin necesidad de llenar un contenedor.<\/span><\/p><p><strong>Te asesoramos sobre la opci\u00f3n que m\u00e1s se adapta a tus necesidades y te ofrecemos la cotizaci\u00f3n m\u00e1s competitiva adecuada a ello.<\/strong><\/p>\t\t\t\t\t\t\t\t<\/div>\n\t\t\t\t<\/div>\n\t\t\t\t\t<\/div>\n\t\t<\/div>\n\t\t\t\t\t<\/div>\n\t\t<\/section>\n\t\t\t\t<section class=\"elementor-section elementor-top-section elementor-element elementor-element-bdad985 elementor-section-boxed elementor-section-height-default elementor-section-height-default\" data-id=\"bdad985\" data-element_type=\"section\" data-e-type=\"section\">\n\t\t\t\t\t\t<div class=\"elementor-container elementor-column-gap-default\">\n\t\t\t\t\t<div class=\"elementor-column elementor-col-50 elementor-top-column elementor-element elementor-element-6424f78\" data-id=\"6424f78\" data-element_type=\"column\" data-e-type=\"column\">\n\t\t\t<div class=\"elementor-widget-wrap elementor-element-populated\">\n\t\t\t\t\t\t<div class=\"elementor-element elementor-element-2a6cffe elementor-widget elementor-widget-image\" data-id=\"2a6cffe\" data-element_type=\"widget\" data-e-type=\"widget\" data-widget_type=\"image.default\">\n\t\t\t\t<div class=\"elementor-widget-container\">\n\t\t\t\t\t\t\t\t\t\t\t\t\t\t\t<img decoding=\"async\" width=\"1024\" height=\"671\" src=\"https:\/\/ringandgo.es\/wp-content\/uploads\/2023\/04\/transporte-aereo-1024x671.jpg\" class=\"attachment-large size-large wp-image-697\" alt=\"\" srcset=\"https:\/\/ringandgo.es\/wp-content\/uploads\/2023\/04\/transporte-aereo-1024x671.jpg 1024w, https:\/\/ringandgo.es\/wp-content\/uploads\/2023\/04\/transporte-aereo-300x197.jpg 300w, https:\/\/ringandgo.es\/wp-content\/uploads\/2023\/04\/transporte-aereo-768x503.jpg 768w, https:\/\/ringandgo.es\/wp-content\/uploads\/2023\/04\/transporte-aereo-1536x1006.jpg 1536w, https:\/\/ringandgo.es\/wp-content\/uploads\/2023\/04\/transporte-aereo-2048x1342.jpg 2048w, https:\/\/ringandgo.es\/wp-content\/uploads\/2023\/04\/transporte-aereo-18x12.jpg 18w\" sizes=\"(max-width: 1024px) 100vw, 1024px\" \/>\t\t\t\t\t\t\t\t\t\t\t\t\t\t\t<\/div>\n\t\t\t\t<\/div>\n\t\t\t\t\t<\/div>\n\t\t<\/div>\n\t\t\t\t<div class=\"elementor-column elementor-col-50 elementor-top-column elementor-element elementor-element-ffe0e76\" data-id=\"ffe0e76\" data-element_type=\"column\" data-e-type=\"column\">\n\t\t\t<div class=\"elementor-widget-wrap elementor-element-populated\">\n\t\t\t\t\t\t<div class=\"elementor-element elementor-element-5633050 elementor-widget elementor-widget-text-editor\" data-id=\"5633050\" data-element_type=\"widget\" data-e-type=\"widget\" data-widget_type=\"text-editor.default\">\n\t\t\t\t<div class=\"elementor-widget-container\">\n\t\t\t\t\t\t\t\t\t<p><span style=\"color: #ff6b00;\"><strong>Transporte A\u00e9reo<\/strong><\/span> Internacional de mercanc\u00edas.<\/p><p><b>Cuando lo que prima, por encima de todo es la urgencia.<\/b><\/p><p>Sabemos que hay situaciones en que el tiempo de env\u00edo es la prioridad, para ello, <b>buscamos la opci\u00f3n m\u00e1s r\u00e1pida e incluso, te lo llevamos en persona en un tiempo <\/b><b>r\u00e9cord<\/b><b>.<\/b><\/p><p>Trabajamos con <b>consolidados a\u00e9reos a precios muy competitivos <\/b>que te <b>aseguran el espacio<\/b> de tus mercanc\u00edas.<\/p>\t\t\t\t\t\t\t\t<\/div>\n\t\t\t\t<\/div>\n\t\t\t\t\t<\/div>\n\t\t<\/div>\n\t\t\t\t\t<\/div>\n\t\t<\/section>\n\t\t\t\t<section class=\"elementor-section elementor-top-section elementor-element elementor-element-2e3c13f elementor-section-boxed elementor-section-height-default elementor-section-height-default\" data-id=\"2e3c13f\" data-element_type=\"section\" data-e-type=\"section\">\n\t\t\t\t\t\t<div class=\"elementor-container elementor-column-gap-default\">\n\t\t\t\t\t<div class=\"elementor-column elementor-col-50 elementor-top-column elementor-element elementor-element-f31420d\" data-id=\"f31420d\" data-element_type=\"column\" data-e-type=\"column\">\n\t\t\t<div class=\"elementor-widget-wrap elementor-element-populated\">\n\t\t\t\t\t\t<div class=\"elementor-element elementor-element-c7abce3 elementor-widget elementor-widget-image\" data-id=\"c7abce3\" data-element_type=\"widget\" data-e-type=\"widget\" data-widget_type=\"image.default\">\n\t\t\t\t<div class=\"elementor-widget-container\">\n\t\t\t\t\t\t\t\t\t\t\t\t\t\t\t<img loading=\"lazy\" decoding=\"async\" width=\"683\" height=\"1024\" src=\"https:\/\/ringandgo.es\/wp-content\/uploads\/2023\/04\/Transporte-terrestre-1-683x1024.jpg\" class=\"attachment-large size-large wp-image-698\" alt=\"\" srcset=\"https:\/\/ringandgo.es\/wp-content\/uploads\/2023\/04\/Transporte-terrestre-1-683x1024.jpg 683w, https:\/\/ringandgo.es\/wp-content\/uploads\/2023\/04\/Transporte-terrestre-1-200x300.jpg 200w, https:\/\/ringandgo.es\/wp-content\/uploads\/2023\/04\/Transporte-terrestre-1-768x1152.jpg 768w, https:\/\/ringandgo.es\/wp-content\/uploads\/2023\/04\/Transporte-terrestre-1-1024x1536.jpg 1024w, https:\/\/ringandgo.es\/wp-content\/uploads\/2023\/04\/Transporte-terrestre-1-1365x2048.jpg 1365w, https:\/\/ringandgo.es\/wp-content\/uploads\/2023\/04\/Transporte-terrestre-1-8x12.jpg 8w, https:\/\/ringandgo.es\/wp-content\/uploads\/2023\/04\/Transporte-terrestre-1-scaled.jpg 1707w\" sizes=\"(max-width: 683px) 100vw, 683px\" \/>\t\t\t\t\t\t\t\t\t\t\t\t\t\t\t<\/div>\n\t\t\t\t<\/div>\n\t\t\t\t\t<\/div>\n\t\t<\/div>\n\t\t\t\t<div class=\"elementor-column elementor-col-50 elementor-top-column elementor-element elementor-element-b7e8530\" data-id=\"b7e8530\" data-element_type=\"column\" data-e-type=\"column\">\n\t\t\t<div class=\"elementor-widget-wrap elementor-element-populated\">\n\t\t\t\t\t\t<div class=\"elementor-element elementor-element-3323148 elementor-widget elementor-widget-text-editor\" data-id=\"3323148\" data-element_type=\"widget\" data-e-type=\"widget\" data-widget_type=\"text-editor.default\">\n\t\t\t\t<div class=\"elementor-widget-container\">\n\t\t\t\t\t\t\t\t\t<p><span style=\"color: #ff6b00;\"><strong>Transporte terrestre<\/strong><\/span>. Te ofrecemos un <b>servicio completo de inicio a fin.<\/b><\/p><p>Llevamos tu mercanc\u00eda de puerta a puerta, <b>desde su recogida hasta el punto de entrega en mano<\/b>. Para este tramo final, <b>utilizamos cualquier medio necesario<\/b>, ya sea cami\u00f3n, tren, furgoneta o incluso una Vespa.\u00a0<\/p><p>Optimizamos al m\u00e1ximo los recursos para que tu mercanc\u00eda llegue lo antes posible y sea entregada a la persona indicada, asegurando as\u00ed, <b>que ninguna entrega se quede esperando horas\u00a0 en una recepci\u00f3n.<\/b><\/p>\t\t\t\t\t\t\t\t<\/div>\n\t\t\t\t<\/div>\n\t\t\t\t\t<\/div>\n\t\t<\/div>\n\t\t\t\t\t<\/div>\n\t\t<\/section>\n\t\t\t\t<section class=\"elementor-section elementor-top-section elementor-element elementor-element-2ee7542 elementor-section-boxed elementor-section-height-default elementor-section-height-default\" data-id=\"2ee7542\" data-element_type=\"section\" data-e-type=\"section\">\n\t\t\t\t\t\t<div class=\"elementor-container elementor-column-gap-default\">\n\t\t\t\t\t<div class=\"elementor-column elementor-col-50 elementor-top-column elementor-element elementor-element-f061e90\" data-id=\"f061e90\" data-element_type=\"column\" data-e-type=\"column\">\n\t\t\t<div class=\"elementor-widget-wrap elementor-element-populated\">\n\t\t\t\t\t\t<div class=\"elementor-element elementor-element-0a93b5a elementor-widget elementor-widget-image\" data-id=\"0a93b5a\" data-element_type=\"widget\" data-e-type=\"widget\" data-widget_type=\"image.default\">\n\t\t\t\t<div class=\"elementor-widget-container\">\n\t\t\t\t\t\t\t\t\t\t\t\t\t\t\t<img loading=\"lazy\" decoding=\"async\" width=\"1024\" height=\"683\" src=\"https:\/\/ringandgo.es\/wp-content\/uploads\/2023\/04\/Aduanas-1024x683.jpg\" class=\"attachment-large size-large wp-image-699\" alt=\"\" srcset=\"https:\/\/ringandgo.es\/wp-content\/uploads\/2023\/04\/Aduanas-1024x683.jpg 1024w, https:\/\/ringandgo.es\/wp-content\/uploads\/2023\/04\/Aduanas-300x200.jpg 300w, https:\/\/ringandgo.es\/wp-content\/uploads\/2023\/04\/Aduanas-768x512.jpg 768w, https:\/\/ringandgo.es\/wp-content\/uploads\/2023\/04\/Aduanas-1536x1024.jpg 1536w, https:\/\/ringandgo.es\/wp-content\/uploads\/2023\/04\/Aduanas-2048x1366.jpg 2048w, https:\/\/ringandgo.es\/wp-content\/uploads\/2023\/04\/Aduanas-18x12.jpg 18w\" sizes=\"(max-width: 1024px) 100vw, 1024px\" \/>\t\t\t\t\t\t\t\t\t\t\t\t\t\t\t<\/div>\n\t\t\t\t<\/div>\n\t\t\t\t\t<\/div>\n\t\t<\/div>\n\t\t\t\t<div class=\"elementor-column elementor-col-50 elementor-top-column elementor-element elementor-element-3c9f878\" data-id=\"3c9f878\" data-element_type=\"column\" data-e-type=\"column\">\n\t\t\t<div class=\"elementor-widget-wrap elementor-element-populated\">\n\t\t\t\t\t\t<div class=\"elementor-element elementor-element-b2f0130 elementor-widget elementor-widget-text-editor\" data-id=\"b2f0130\" data-element_type=\"widget\" data-e-type=\"widget\" data-widget_type=\"text-editor.default\">\n\t\t\t\t<div class=\"elementor-widget-container\">\n\t\t\t\t\t\t\t\t\t<p>Nos hacemos cargo de todos los <b><span style=\"color: #ff6b00;\">procedimientos de aduanas<\/span>, asesor\u00e1ndote<\/b> en todo momento sobre aquello que m\u00e1s te conviene.<\/p><p>Un planteamiento adecuado, permite no s\u00f3lo <b>minimizar el tiempo<\/b>, sino tambi\u00e9n, <b>optimizar al m\u00e1ximo los costes derivados de la operaci\u00f3n.<\/b><\/p><p>Tenemos una <b>amplia experiencia en todos los procedimientos aduaneros.<\/b><\/p>\t\t\t\t\t\t\t\t<\/div>\n\t\t\t\t<\/div>\n\t\t\t\t\t<\/div>\n\t\t<\/div>\n\t\t\t\t\t<\/div>\n\t\t<\/section>\n\t\t\t\t<\/div>\n\t\t","protected":false},"excerpt":{"rendered":"<p>Somos expertos en el env\u00edo de repuestos urgentes, especialmente repuestos de barcos, en lo que nos avala una larga trayectoria profesional.\u00a0 Nos ocupamos desde la recogida hasta la entrega a bordo. Tenemos un profundo conocimiento de las peculiaridades de este tipo de servicio y de las gestiones y tr\u00e1mites en puerto. Transporte Mar\u00edtimo Internacional de [&hellip;]<\/p>\n","protected":false},"author":1,"featured_media":0,"parent":0,"menu_order":0,"comment_status":"closed","ping_status":"closed","template":"","meta":{"site-sidebar-layout":"no-sidebar","site-content-layout":"page-builder","ast-site-content-layout":"default","site-content-style":"default","site-sidebar-style":"default","ast-global-header-display":"","ast-banner-title-visibility":"","ast-main-header-display":"","ast-hfb-above-header-display":"","ast-hfb-below-header-display":"","ast-hfb-mobile-header-display":"","site-post-title":"disabled","ast-breadcrumbs-content":"","ast-featured-img":"disabled","footer-sml-layout":"","ast-disable-related-posts":"","theme-transparent-header-meta":"","adv-header-id-meta":"","stick-header-meta":"","header-above-stick-meta":"","header-main-stick-meta":"","header-below-stick-meta":"","astra-migrate-meta-layouts":"default","ast-page-background-enabled":"default","ast-page-background-meta":{"desktop":{"background-color":"var(--ast-global-color-4)","background-image":"","background-repeat":"repeat","background-position":"center center","background-size":"auto","background-attachment":"scroll","background-type":"","background-media":"","overlay-type":"","overlay-color":"","overlay-opacity":"","overlay-gradient":""},"tablet":{"background-color":"","background-image":"","background-repeat":"repeat","background-position":"center center","background-size":"auto","background-attachment":"scroll","background-type":"","background-media":"","overlay-type":"","overlay-color":"","overlay-opacity":"","overlay-gradient":""},"mobile":{"background-color":"","background-image":"","background-repeat":"repeat","background-position":"center center","background-size":"auto","background-attachment":"scroll","background-type":"","background-media":"","overlay-type":"","overlay-color":"","overlay-opacity":"","overlay-gradient":""}},"ast-content-background-meta":{"desktop":{"background-color":"var(--ast-global-color-5)","background-image":"","background-repeat":"repeat","background-position":"center center","background-size":"auto","background-attachment":"scroll","background-type":"","background-media":"","overlay-type":"","overlay-color":"","overlay-opacity":"","overlay-gradient":""},"tablet":{"background-color":"var(--ast-global-color-5)","background-image":"","background-repeat":"repeat","background-position":"center center","background-size":"auto","background-attachment":"scroll","background-type":"","background-media":"","overlay-type":"","overlay-color":"","overlay-opacity":"","overlay-gradient":""},"mobile":{"background-color":"var(--ast-global-color-5)","background-image":"","background-repeat":"repeat","background-position":"center center","background-size":"auto","background-attachment":"scroll","background-type":"","background-media":"","overlay-type":"","overlay-color":"","overlay-opacity":"","overlay-gradient":""}},"footnotes":""},"class_list":["post-26","page","type-page","status-publish","hentry"],"_links":{"self":[{"href":"https:\/\/ringandgo.es\/es\/wp-json\/wp\/v2\/pages\/26","targetHints":{"allow":["GET"]}}],"collection":[{"href":"https:\/\/ringandgo.es\/es\/wp-json\/wp\/v2\/pages"}],"about":[{"href":"https:\/\/ringandgo.es\/es\/wp-json\/wp\/v2\/types\/page"}],"author":[{"embeddable":true,"href":"https:\/\/ringandgo.es\/es\/wp-json\/wp\/v2\/users\/1"}],"replies":[{"embeddable":true,"href":"https:\/\/ringandgo.es\/es\/wp-json\/wp\/v2\/comments?post=26"}],"version-history":[{"count":25,"href":"https:\/\/ringandgo.es\/es\/wp-json\/wp\/v2\/pages\/26\/revisions"}],"predecessor-version":[{"id":916,"href":"https:\/\/ringandgo.es\/es\/wp-json\/wp\/v2\/pages\/26\/revisions\/916"}],"wp:attachment":[{"href":"https:\/\/ringandgo.es\/es\/wp-json\/wp\/v2\/media?parent=26"}],"curies":[{"name":"wp","href":"https:\/\/api.w.org\/{rel}","templated":true}]}}