{"id":3,"date":"2023-02-04T09:20:08","date_gmt":"2023-02-04T07:20:08","guid":{"rendered":"http:\/\/ringandgo.es\/?page_id=3"},"modified":"2023-07-21T12:14:52","modified_gmt":"2023-07-21T10:14:52","slug":"aviso-legal","status":"publish","type":"page","link":"https:\/\/ringandgo.es\/en\/aviso-legal\/","title":{"rendered":"Legal Notice"},"content":{"rendered":"<pre class=\"wp-block-code\"><code><strong>1. DATOS IDENTIFICATIVOS<\/strong><\/code><\/pre>\n\n\n\n<pre class=\"wp-block-code\"><code>En cumplimiento con el deber de informaci\u00f3n recogido en art\u00edculo 10 de la Ley 34\/2002, de 11 de julio, de Servicios de la Sociedad de la Informaci\u00f3n y del Comercio Electr\u00f3nico, a continuaci\u00f3n se reflejan los siguientes datos: la empresa titular de dominio web es &#91;nombre empresa], con domicilio a estos efectos en &#91;direcci\u00f3n], n\u00famero de identificaci\u00f3n fiscal &#91;n\u00famero], inscrita en el Registro Mercantil &#91;registro mercantil\/municipio\/provincia].<\/code><\/pre>\n\n\n\n<pre class=\"wp-block-code\"><code><strong>2. USUARIOS<\/strong><\/code><\/pre>\n\n\n\n<pre class=\"wp-block-code\"><code>El acceso y\/o uso de este portal atribuye la condici\u00f3n de USUARIO, que acepta, desde dicho acceso y\/o uso, las Condiciones Generales de Uso aqu\u00ed reflejadas. Las citadas Condiciones ser\u00e1n de aplicaci\u00f3n independientemente de las Condiciones Generales de Contrataci\u00f3n que en su caso resulten de obligado cumplimiento.<\/code><\/pre>\n\n\n\n<pre class=\"wp-block-code\"><code><strong>3. USO DEL PORTAL<\/strong><\/code><\/pre>\n\n\n\n<pre class=\"wp-block-code\"><code>Ring&amp;Go Global Solutions SL proporciona el acceso a multitud de informaciones, servicios, programas o datos (en adelante, \u201clos contenidos\u201d) en Internet pertenecientes a Ring&amp;Go Global Solutions SL o a sus licenciantes a los que el USUARIO pueda tener acceso. El USUARIO asume la responsabilidad del uso del portal.<\/code><\/pre>\n\n\n\n<pre class=\"wp-block-code\"><code><strong>4. PROPIEDAD INTELECTUAL E INDUSTRIAL<\/strong><\/code><\/pre>\n\n\n\n<pre class=\"wp-block-code\"><code>Ring&amp;Go Global Solutions SL por s\u00ed o como cesionaria, es titular de todos los derechos de propiedad intelectual e industrial de su p\u00e1gina web, as\u00ed como de los elementos contenidos en la misma (a t\u00edtulo enunciativo, im\u00e1genes, sonido, audio, v\u00eddeo, software o textos; marcas o logotipos, combinaciones de colores, estructura y dise\u00f1o, selecci\u00f3n de materiales usados, programas de ordenador necesarios para su funcionamiento, acceso y uso, etc.), titularidad de Ring&amp;Go Global Solutions SL o bien de sus licenciantes.<\/code><\/pre>\n\n\n\n<pre class=\"wp-block-code\"><code><strong>5. EXCLUSI\u00d3N DE GARANT\u00cdAS Y RESPONSABILIDAD<\/strong><\/code><\/pre>\n\n\n\n<pre class=\"wp-block-code\"><code>Ring&amp;Go Global Solutions SL no se hace responsable, en ning\u00fan caso, por los da\u00f1os y perjuicios de cualquier naturaleza que pudieran ocasionar al usuario por el uso indebido o ilegal del presente sitio web.<\/code><\/pre>\n\n\n\n<pre class=\"wp-block-code\"><code><strong>6. MODIFICACIONES<\/strong><\/code><\/pre>\n\n\n\n<pre class=\"wp-block-code\"><code>Ring&amp;Go Global Solutions SL se reserva el derecho a realizar sin previo aviso las modificaciones que considere oportunas en su sitio web.<\/code><\/pre>\n\n\n\n<pre class=\"wp-block-code\"><code><strong>7. ENLACES<\/strong><\/code><\/pre>\n\n\n\n<pre class=\"wp-block-code\"><code>En el caso de que en nombre del dominio se dispusiesen enlaces o hiperv\u00ednculos hac\u00eda otros sitios de Internet, Ring&amp;Go Global Solutions SL no ejercer\u00e1 ning\u00fan tipo de control sobre dichos sitios y contenidos. En ning\u00fan caso Ring&amp;Go Global Solutions SL asumir\u00e1 responsabilidad alguna por los contenidos de alg\u00fan enlace perteneciente a un sitio web ajeno.<\/code><\/pre>\n\n\n\n<pre class=\"wp-block-code\"><code><strong>8. DERECHO DE EXCLUSI\u00d3N<\/strong><\/code><\/pre>\n\n\n\n<pre class=\"wp-block-code\"><code>Ring&amp;Go Global Solutions SL se reserva el derecho a denegar o retirar el acceso al portal y\/o los servicios ofrecidos sin necesidad de preaviso.<\/code><\/pre>\n\n\n\n<pre class=\"wp-block-code\"><code><strong>9. GENERALIDADES<\/strong><\/code><\/pre>\n\n\n\n<pre class=\"wp-block-code\"><code>Ring&amp;Go Global Solutions SL perseguir\u00e1 el incumplimiento de las presentes condiciones as\u00ed como cualquier utilizaci\u00f3n indebida de su sitio web ejerciendo todas las acciones civiles y penales que le puedan corresponder en derecho<\/code><\/pre>","protected":false},"excerpt":{"rendered":"","protected":false},"author":1,"featured_media":0,"parent":0,"menu_order":0,"comment_status":"closed","ping_status":"closed","template":"","meta":{"site-sidebar-layout":"default","site-content-layout":"","ast-site-content-layout":"default","site-content-style":"default","site-sidebar-style":"default","ast-global-header-display":"","ast-banner-title-visibility":"","ast-main-header-display":"","ast-hfb-above-header-display":"","ast-hfb-below-header-display":"","ast-hfb-mobile-header-display":"","site-post-title":"","ast-breadcrumbs-content":"","ast-featured-img":"","footer-sml-layout":"","ast-disable-related-posts":"","theme-transparent-header-meta":"","adv-header-id-meta":"","stick-header-meta":"","header-above-stick-meta":"","header-main-stick-meta":"","header-below-stick-meta":"","astra-migrate-meta-layouts":"default","ast-page-background-enabled":"default","ast-page-background-meta":{"desktop":{"background-color":"var(--ast-global-color-4)","background-image":"","background-repeat":"repeat","background-position":"center center","background-size":"auto","background-attachment":"scroll","background-type":"","background-media":"","overlay-type":"","overlay-color":"","overlay-opacity":"","overlay-gradient":""},"tablet":{"background-color":"","background-image":"","background-repeat":"repeat","background-position":"center center","background-size":"auto","background-attachment":"scroll","background-type":"","background-media":"","overlay-type":"","overlay-color":"","overlay-opacity":"","overlay-gradient":""},"mobile":{"background-color":"","background-image":"","background-repeat":"repeat","background-position":"center center","background-size":"auto","background-attachment":"scroll","background-type":"","background-media":"","overlay-type":"","overlay-color":"","overlay-opacity":"","overlay-gradient":""}},"ast-content-background-meta":{"desktop":{"background-color":"var(--ast-global-color-5)","background-image":"","background-repeat":"repeat","background-position":"center center","background-size":"auto","background-attachment":"scroll","background-type":"","background-media":"","overlay-type":"","overlay-color":"","overlay-opacity":"","overlay-gradient":""},"tablet":{"background-color":"var(--ast-global-color-5)","background-image":"","background-repeat":"repeat","background-position":"center center","background-size":"auto","background-attachment":"scroll","background-type":"","background-media":"","overlay-type":"","overlay-color":"","overlay-opacity":"","overlay-gradient":""},"mobile":{"background-color":"var(--ast-global-color-5)","background-image":"","background-repeat":"repeat","background-position":"center center","background-size":"auto","background-attachment":"scroll","background-type":"","background-media":"","overlay-type":"","overlay-color":"","overlay-opacity":"","overlay-gradient":""}},"footnotes":""},"class_list":["post-3","page","type-page","status-publish","hentry"],"_links":{"self":[{"href":"https:\/\/ringandgo.es\/en\/wp-json\/wp\/v2\/pages\/3","targetHints":{"allow":["GET"]}}],"collection":[{"href":"https:\/\/ringandgo.es\/en\/wp-json\/wp\/v2\/pages"}],"about":[{"href":"https:\/\/ringandgo.es\/en\/wp-json\/wp\/v2\/types\/page"}],"author":[{"embeddable":true,"href":"https:\/\/ringandgo.es\/en\/wp-json\/wp\/v2\/users\/1"}],"replies":[{"embeddable":true,"href":"https:\/\/ringandgo.es\/en\/wp-json\/wp\/v2\/comments?post=3"}],"version-history":[{"count":5,"href":"https:\/\/ringandgo.es\/en\/wp-json\/wp\/v2\/pages\/3\/revisions"}],"predecessor-version":[{"id":924,"href":"https:\/\/ringandgo.es\/en\/wp-json\/wp\/v2\/pages\/3\/revisions\/924"}],"wp:attachment":[{"href":"https:\/\/ringandgo.es\/en\/wp-json\/wp\/v2\/media?parent=3"}],"curies":[{"name":"wp","href":"https:\/\/api.w.org\/{rel}","templated":true}]}}