{"id":27,"date":"2023-02-23T09:24:31","date_gmt":"2023-02-23T09:24:31","guid":{"rendered":"https:\/\/ringandgo.es\/?page_id=27"},"modified":"2023-04-27T12:08:08","modified_gmt":"2023-04-27T10:08:08","slug":"internacionalizacion","status":"publish","type":"page","link":"https:\/\/ringandgo.es\/en\/internacionalizacion\/","title":{"rendered":"Internationalization"},"content":{"rendered":"<div data-elementor-type=\"wp-page\" data-elementor-id=\"27\" class=\"elementor elementor-27\">\n\t\t\t\t\t\t<section class=\"elementor-section elementor-top-section elementor-element elementor-element-ff725ae elementor-section-boxed elementor-section-height-default elementor-section-height-default\" data-id=\"ff725ae\" data-element_type=\"section\" data-e-type=\"section\">\n\t\t\t\t\t\t<div class=\"elementor-container elementor-column-gap-default\">\n\t\t\t\t\t<div class=\"elementor-column elementor-col-50 elementor-top-column elementor-element elementor-element-7997a19\" data-id=\"7997a19\" data-element_type=\"column\" data-e-type=\"column\">\n\t\t\t<div class=\"elementor-widget-wrap elementor-element-populated\">\n\t\t\t\t\t\t<div class=\"elementor-element elementor-element-7b2a993 elementor-widget elementor-widget-image\" data-id=\"7b2a993\" data-element_type=\"widget\" data-e-type=\"widget\" data-widget_type=\"image.default\">\n\t\t\t\t<div class=\"elementor-widget-container\">\n\t\t\t\t\t\t\t\t\t\t\t\t\t\t\t<img fetchpriority=\"high\" decoding=\"async\" width=\"683\" height=\"1024\" src=\"https:\/\/ringandgo.es\/wp-content\/uploads\/2023\/04\/Internacionalizacion-PYMES-683x1024.jpg\" class=\"attachment-large size-large wp-image-756\" alt=\"\" srcset=\"https:\/\/ringandgo.es\/wp-content\/uploads\/2023\/04\/Internacionalizacion-PYMES-683x1024.jpg 683w, https:\/\/ringandgo.es\/wp-content\/uploads\/2023\/04\/Internacionalizacion-PYMES-200x300.jpg 200w, https:\/\/ringandgo.es\/wp-content\/uploads\/2023\/04\/Internacionalizacion-PYMES-768x1152.jpg 768w, https:\/\/ringandgo.es\/wp-content\/uploads\/2023\/04\/Internacionalizacion-PYMES-1024x1536.jpg 1024w, https:\/\/ringandgo.es\/wp-content\/uploads\/2023\/04\/Internacionalizacion-PYMES-1365x2048.jpg 1365w, https:\/\/ringandgo.es\/wp-content\/uploads\/2023\/04\/Internacionalizacion-PYMES-8x12.jpg 8w, https:\/\/ringandgo.es\/wp-content\/uploads\/2023\/04\/Internacionalizacion-PYMES-scaled.jpg 1707w\" sizes=\"(max-width: 683px) 100vw, 683px\" \/>\t\t\t\t\t\t\t\t\t\t\t\t\t\t\t<\/div>\n\t\t\t\t<\/div>\n\t\t\t\t\t<\/div>\n\t\t<\/div>\n\t\t\t\t<div class=\"elementor-column elementor-col-50 elementor-top-column elementor-element elementor-element-2f51843\" data-id=\"2f51843\" data-element_type=\"column\" data-e-type=\"column\">\n\t\t\t<div class=\"elementor-widget-wrap elementor-element-populated\">\n\t\t\t\t\t\t<div class=\"elementor-element elementor-element-cfd1222 elementor-widget elementor-widget-heading\" data-id=\"cfd1222\" data-element_type=\"widget\" data-e-type=\"widget\" data-widget_type=\"heading.default\">\n\t\t\t\t<div class=\"elementor-widget-container\">\n\t\t\t\t\t<h2 class=\"elementor-heading-title elementor-size-default\">Do you want to expand by selling your products internationally but don't know how to do it?<\/h2>\t\t\t\t<\/div>\n\t\t\t\t<\/div>\n\t\t\t\t<div class=\"elementor-element elementor-element-cef369c elementor-widget elementor-widget-text-editor\" data-id=\"cef369c\" data-element_type=\"widget\" data-e-type=\"widget\" data-widget_type=\"text-editor.default\">\n\t\t\t\t<div class=\"elementor-widget-container\">\n\t\t\t\t\t\t\t\t\t<p><b>At Ring&amp;Go we advise you and accompany you throughout the process. <\/b>We work as <b>your international logistics department<\/b> taking care of all the management, so you can focus on your business.<\/p><p>We are experts in the process of exporting products to any part of the world, <b>advising you on the suitability of the countries in which you are most interested in expanding and how to do it.<\/b><\/p>\t\t\t\t\t\t\t\t<\/div>\n\t\t\t\t<\/div>\n\t\t\t\t<div class=\"elementor-element elementor-element-ea6e935 elementor-widget elementor-widget-spacer\" data-id=\"ea6e935\" data-element_type=\"widget\" data-e-type=\"widget\" data-widget_type=\"spacer.default\">\n\t\t\t\t<div class=\"elementor-widget-container\">\n\t\t\t\t\t\t\t<div class=\"elementor-spacer\">\n\t\t\t<div class=\"elementor-spacer-inner\"><\/div>\n\t\t<\/div>\n\t\t\t\t\t\t<\/div>\n\t\t\t\t<\/div>\n\t\t\t\t\t<\/div>\n\t\t<\/div>\n\t\t\t\t\t<\/div>\n\t\t<\/section>\n\t\t\t\t<\/div>","protected":false},"excerpt":{"rendered":"<p>\u00bfQuieres expandirte vendiendo tus productos a nivel Internacional pero no sabes c\u00f3mo hacerlo? En Ring&amp;Go\u00a0te asesoramos y acompa\u00f1amos en todo el proceso. Trabajamos como tu departamento de log\u00edstica Internacional ocup\u00e1ndonos de toda la gesti\u00f3n, para que t\u00fa puedas centrarte en tu negocio. Somos expertos en los procesos de exportaci\u00f3n de productos a cualquier parte del [&hellip;]<\/p>\n","protected":false},"author":1,"featured_media":0,"parent":0,"menu_order":0,"comment_status":"closed","ping_status":"closed","template":"","meta":{"site-sidebar-layout":"no-sidebar","site-content-layout":"page-builder","ast-site-content-layout":"default","site-content-style":"default","site-sidebar-style":"default","ast-global-header-display":"","ast-banner-title-visibility":"","ast-main-header-display":"","ast-hfb-above-header-display":"","ast-hfb-below-header-display":"","ast-hfb-mobile-header-display":"","site-post-title":"disabled","ast-breadcrumbs-content":"","ast-featured-img":"disabled","footer-sml-layout":"","ast-disable-related-posts":"","theme-transparent-header-meta":"","adv-header-id-meta":"","stick-header-meta":"","header-above-stick-meta":"","header-main-stick-meta":"","header-below-stick-meta":"","astra-migrate-meta-layouts":"default","ast-page-background-enabled":"default","ast-page-background-meta":{"desktop":{"background-color":"var(--ast-global-color-4)","background-image":"","background-repeat":"repeat","background-position":"center center","background-size":"auto","background-attachment":"scroll","background-type":"","background-media":"","overlay-type":"","overlay-color":"","overlay-opacity":"","overlay-gradient":""},"tablet":{"background-color":"","background-image":"","background-repeat":"repeat","background-position":"center center","background-size":"auto","background-attachment":"scroll","background-type":"","background-media":"","overlay-type":"","overlay-color":"","overlay-opacity":"","overlay-gradient":""},"mobile":{"background-color":"","background-image":"","background-repeat":"repeat","background-position":"center center","background-size":"auto","background-attachment":"scroll","background-type":"","background-media":"","overlay-type":"","overlay-color":"","overlay-opacity":"","overlay-gradient":""}},"ast-content-background-meta":{"desktop":{"background-color":"var(--ast-global-color-5)","background-image":"","background-repeat":"repeat","background-position":"center center","background-size":"auto","background-attachment":"scroll","background-type":"","background-media":"","overlay-type":"","overlay-color":"","overlay-opacity":"","overlay-gradient":""},"tablet":{"background-color":"var(--ast-global-color-5)","background-image":"","background-repeat":"repeat","background-position":"center center","background-size":"auto","background-attachment":"scroll","background-type":"","background-media":"","overlay-type":"","overlay-color":"","overlay-opacity":"","overlay-gradient":""},"mobile":{"background-color":"var(--ast-global-color-5)","background-image":"","background-repeat":"repeat","background-position":"center center","background-size":"auto","background-attachment":"scroll","background-type":"","background-media":"","overlay-type":"","overlay-color":"","overlay-opacity":"","overlay-gradient":""}},"footnotes":""},"class_list":["post-27","page","type-page","status-publish","hentry"],"_links":{"self":[{"href":"https:\/\/ringandgo.es\/en\/wp-json\/wp\/v2\/pages\/27","targetHints":{"allow":["GET"]}}],"collection":[{"href":"https:\/\/ringandgo.es\/en\/wp-json\/wp\/v2\/pages"}],"about":[{"href":"https:\/\/ringandgo.es\/en\/wp-json\/wp\/v2\/types\/page"}],"author":[{"embeddable":true,"href":"https:\/\/ringandgo.es\/en\/wp-json\/wp\/v2\/users\/1"}],"replies":[{"embeddable":true,"href":"https:\/\/ringandgo.es\/en\/wp-json\/wp\/v2\/comments?post=27"}],"version-history":[{"count":22,"href":"https:\/\/ringandgo.es\/en\/wp-json\/wp\/v2\/pages\/27\/revisions"}],"predecessor-version":[{"id":776,"href":"https:\/\/ringandgo.es\/en\/wp-json\/wp\/v2\/pages\/27\/revisions\/776"}],"wp:attachment":[{"href":"https:\/\/ringandgo.es\/en\/wp-json\/wp\/v2\/media?parent=27"}],"curies":[{"name":"wp","href":"https:\/\/api.w.org\/{rel}","templated":true}]}}